{"id":995,"date":"2018-08-21T07:22:05","date_gmt":"2018-08-21T05:22:05","guid":{"rendered":"http:\/\/meisiek.com\/wp\/?page_id=995"},"modified":"2020-11-26T16:46:01","modified_gmt":"2020-11-26T15:46:01","slug":"kundendienst","status":"publish","type":"page","link":"https:\/\/meisiek.com\/wp\/leistungen\/kundendienst\/","title":{"rendered":"Kundendienst"},"content":{"rendered":"<div class=\"wpb-content-wrapper\"><p>[vc_row full_width=&#8220;stretch_row&#8220; css=&#8220;.vc_custom_1537244459289{margin: 0px !important;border-width: 0px !important;padding: 0px !important;}&#8220;][vc_column css=&#8220;.vc_custom_1537244440699{margin-top: 0px !important;margin-right: 0px !important;margin-bottom: 0px !important;margin-left: 0px !important;border-top-width: 0px !important;border-right-width: 0px !important;border-bottom-width: 0px !important;border-left-width: 0px !important;padding-top: 0px !important;padding-right: 0px !important;padding-bottom: 0px !important;padding-left: 0px !important;}&#8220;][vc_empty_space height=&#8220;2px&#8220; css=&#8220;.vc_custom_1537244416373{margin-top: 0px !important;margin-right: 0px !important;margin-bottom: 0px !important;margin-left: 0px !important;border-top-width: 0px !important;border-right-width: 0px !important;border-bottom-width: 0px !important;border-left-width: 0px !important;padding-top: 0px !important;padding-right: 0px !important;padding-bottom: 0px !important;padding-left: 0px !important;background-color: #e77817 !important;}&#8220;][\/vc_column][\/vc_row][vc_row equal_height=&#8220;yes&#8220; type=&#8220;vc_default&#8220; css=&#8220;.vc_custom_1538475889240{margin-bottom: 0px !important;border-bottom-width: 0px !important;padding-top: 70px !important;padding-bottom: 0px !important;}&#8220;][vc_column]<div id=\"ultimate-heading-62646a06fbc972904\" class=\"uvc-heading ult-adjust-bottom-margin ultimate-heading-62646a06fbc972904 uvc-7166 accent-border-color\" data-hspacer=\"line_only\"  data-halign=\"left\" style=\"text-align:left\"><div class=\"uvc-main-heading ult-responsive\"  data-ultimate-target='.uvc-heading.ultimate-heading-62646a06fbc972904 h1'  data-responsive-json-new='{\"font-size\":\"desktop:26px;\",\"line-height\":\"desktop:36px;\"}' ><h1 style=\"font-weight:bold;color:#ffffff;\">KUNDENDIENST<\/h1><\/div><div class=\"uvc-heading-spacer line_only\" style=\"margin-top:15px;margin-bottom:50px;height:4px;\"><span class=\"uvc-headings-line\" style=\"border-style:solid;border-bottom-width:4px;border-color:;width:50px;\"><\/span><\/div><\/div>[\/vc_column][vc_column width=&#8220;1\/2&#8243; css=&#8220;.vc_custom_1493730770993{padding-bottom: 50px !important;}&#8220;]<div id=\"ultimate-heading-67776a06fbc972961\" class=\"uvc-heading ult-adjust-bottom-margin ultimate-heading-67776a06fbc972961 uvc-270 \" data-hspacer=\"no_spacer\"  data-halign=\"left\" style=\"text-align:left\"><div class=\"uvc-heading-spacer no_spacer\" style=\"top\"><\/div><div class=\"uvc-main-heading ult-responsive\"  data-ultimate-target='.uvc-heading.ultimate-heading-67776a06fbc972961 h3'  data-responsive-json-new='{\"font-size\":\"desktop:18px;\",\"line-height\":\"desktop:28px;\"}' ><h3 style=\"font-weight:bold;color:#ffffff;margin-bottom:10px;\">ZUVERL\u00c4SSIG UND GR\u00dcNDLICH<\/h3><\/div><\/div>[vc_column_text css=&#8220;.vc_custom_1538475699664{padding-bottom: 10px !important;}&#8220;]<span style=\"color: #ffffff;\">Unser Kundendienst f\u00fchrt zuverl\u00e4ssig alle anfallenden Wartungs- und Instandsetzungsarbeiten an Ihren Systemen durch. Kunden mit festen Wartungsvertr\u00e4gen sprechen wir jeweils vor F\u00e4lligkeit Ihres Wartungsintervalls an, um einen individuellen Wartungstermin abzustimmen. Alle turnusm\u00e4\u00dfigen anfallenden Arbeiten an Ihrer Heizung oder Solaranlage werden im Rahmen von festen Wartungspauschalen von unseren gut geschulten Mitarbeitern ausgef\u00fchrt. Im Zuge einer Wartung weisen wir Sie selbstverst\u00e4ndlich rechtzeitig auch auf m\u00f6glicherweise anfallende und weitere notwendige Arbeiten hin.<\/span>[\/vc_column_text][\/vc_column][vc_column width=&#8220;1\/2&#8243;]<style type=\"text\/css\" data-type=\"the7_shortcodes-inline-css\">.shortcode-single-image-wrap.shortcode-single-image-b25b89caaa08d65a7e77009cf0ddb71e.enable-bg-rollover .rollover i,\n.shortcode-single-image-wrap.shortcode-single-image-b25b89caaa08d65a7e77009cf0ddb71e.enable-bg-rollover .rollover-video i {\n  background: -webkit-linear-gradient();\n  background: linear-gradient();\n}\n.shortcode-single-image-wrap.shortcode-single-image-b25b89caaa08d65a7e77009cf0ddb71e .rollover-icon {\n  font-size: 32px;\n  color: #ffffff;\n  min-width: 44px;\n  min-height: 44px;\n  line-height: 44px;\n  border-radius: 100px;\n  border-style: solid;\n  border-width: 0px;\n}\n.dt-icon-bg-on.shortcode-single-image-wrap.shortcode-single-image-b25b89caaa08d65a7e77009cf0ddb71e .rollover-icon {\n  background: rgba(255,255,255,0.3);\n  box-shadow: none;\n}\n<\/style><div class=\"shortcode-single-image-wrap shortcode-single-image-b25b89caaa08d65a7e77009cf0ddb71e alignnone  vc_custom_1538481950465 enable-bg-rollover dt-icon-bg-off\" ><div class=\"shortcode-single-image\"><div class=\"fancy-media-wrap  layzr-bg\" style=\"\"><img loading=\"lazy\" decoding=\"async\" class=\"preload-me lazy-load\" src=\"data:image\/svg+xml,%3Csvg%20xmlns%3D&#39;http%3A%2F%2Fwww.w3.org%2F2000%2Fsvg&#39;%20viewBox%3D&#39;0%200%201000%20768&#39;%2F%3E\" data-src=\"https:\/\/meisiek.com\/wp\/wp-content\/uploads\/2018\/09\/4077_Systemhaus_GB162.jpg\" data-srcset=\"https:\/\/meisiek.com\/wp\/wp-content\/uploads\/2018\/09\/4077_Systemhaus_GB162.jpg 1000w\" width=\"1000\" height=\"768\"  data-dt-location=\"https:\/\/meisiek.com\/wp\/4077_systemhaus_gb162\/\" style=\"\" alt=\"\" \/><\/div><\/div><\/div>[\/vc_column][\/vc_row][vc_row equal_height=&#8220;yes&#8220; type=&#8220;vc_default&#8220; css=&#8220;.vc_custom_1538475878730{padding-top: 0px !important;padding-bottom: 30px !important;}&#8220;][vc_column width=&#8220;1\/2&#8243;]<div id=\"ultimate-heading-8196a06fbc973b5b\" class=\"uvc-heading ult-adjust-bottom-margin ultimate-heading-8196a06fbc973b5b uvc-3137 \" data-hspacer=\"no_spacer\"  data-halign=\"left\" style=\"text-align:left\"><div class=\"uvc-heading-spacer no_spacer\" style=\"top\"><\/div><div class=\"uvc-main-heading ult-responsive\"  data-ultimate-target='.uvc-heading.ultimate-heading-8196a06fbc973b5b h3'  data-responsive-json-new='{\"font-size\":\"desktop:18px;\",\"line-height\":\"desktop:28px;\"}' ><h3 style=\"font-weight:bold;color:#ffffff;margin-bottom:10px;\">LEISTUNGEN<\/h3><\/div><\/div>[vc_column_text css=&#8220;.vc_custom_1538475734516{padding-bottom: 10px !important;}&#8220;]<span style=\"color: #ffffff;\">Wir betreuen alle g\u00e4ngigen Fabrikate und Hersteller. Unsere Leistungen umfassen:<\/span><\/p>\n<p><span style=\"color: #ffffff;\"><strong>Wartung und Reparatur von Gas- und \u00d6lfeuerungsanlagen<\/strong><\/span><\/p>\n<p><span style=\"color: #ffffff;\"><strong>St\u00f6rungsnotdienst<\/strong><\/span><\/p>\n<p><span style=\"color: #ffffff;\"><strong>Beseitigung von Leckagen an wasserf\u00fchrenden Leitungen und Einbauteilen<\/strong><\/span><\/p>\n<p><span style=\"color: #ffffff;\"><strong>Beseitigung von Sturmsch\u00e4den<\/strong><\/span><\/p>\n<p><span style=\"color: #ffffff;\"><strong>Beheben von Verstopfungen von Abwasserrohrleitungen<\/strong><\/span><\/p>\n<p><span style=\"color: #ffffff;\"><strong>Reparaturen an Sanit\u00e4ren Einrichtungen, z.B. Waschtische, Duschen, Armaturen usw.<\/strong><\/span>[\/vc_column_text][\/vc_column][vc_column width=&#8220;1\/2&#8243; css=&#8220;.vc_custom_1493730770993{padding-bottom: 50px !important;}&#8220;]<div id=\"ultimate-heading-44516a06fbc973b9b\" class=\"uvc-heading ult-adjust-bottom-margin ultimate-heading-44516a06fbc973b9b uvc-9981 \" data-hspacer=\"no_spacer\"  data-halign=\"left\" style=\"text-align:left\"><div class=\"uvc-heading-spacer no_spacer\" style=\"top\"><\/div><div class=\"uvc-main-heading ult-responsive\"  data-ultimate-target='.uvc-heading.ultimate-heading-44516a06fbc973b9b h3'  data-responsive-json-new='{\"font-size\":\"desktop:18px;\",\"line-height\":\"desktop:28px;\"}' ><h3 style=\"font-weight:bold;color:#ffffff;margin-bottom:10px;\">WARTUNG UND INSTANDHALTUNG<\/h3><\/div><\/div>[vc_column_text css=&#8220;.vc_custom_1538475768079{padding-bottom: 10px !important;}&#8220;]<span style=\"color: #ffffff;\">An folgenden Haustechnik-Systemen f\u00fchren wir alle anfallenden Wartungs- und Instandsetzungsarbeiten durch:<\/span><\/p>\n<p><span style=\"color: #ffffff;\"><strong>Gasheizungen \/ \u00d6lheizungen<\/strong><\/span><\/p>\n<p><span style=\"color: #ffffff;\"><strong>W\u00e4rmepumpen (Luft-Wasser-W\u00e4rmepumpen \/ Erd-Wasser-W\u00e4rmepumpen)<\/strong><\/span><\/p>\n<p><span style=\"color: #ffffff;\"><strong>Festbrennstoffanlagen<\/strong><\/span><\/p>\n<p><span style=\"color: #ffffff;\"><strong>Fernw\u00e4rmestationen<\/strong><\/span><\/p>\n<p><span style=\"color: #ffffff;\"><strong>Solaranlagen<\/strong><\/span>[\/vc_column_text][\/vc_column][\/vc_row][vc_row equal_height=&#8220;yes&#8220; type=&#8220;vc_default&#8220; css=&#8220;.vc_custom_1537803214077{padding-top: 0px !important;padding-bottom: 30px !important;}&#8220;][vc_column]<div id=\"ultimate-heading-79006a06fbc973bd2\" class=\"uvc-heading ult-adjust-bottom-margin ultimate-heading-79006a06fbc973bd2 uvc-1175 accent-border-color\" data-hspacer=\"line_only\"  data-halign=\"left\" style=\"text-align:left\"><div class=\"uvc-main-heading ult-responsive\"  data-ultimate-target='.uvc-heading.ultimate-heading-79006a06fbc973bd2 h1'  data-responsive-json-new='{\"font-size\":\"desktop:26px;\",\"line-height\":\"desktop:36px;\"}' ><h1 style=\"font-weight:bold;color:#ffffff;\">NOTDIENST<\/h1><\/div><div class=\"uvc-heading-spacer line_only\" style=\"margin-top:15px;margin-bottom:50px;height:4px;\"><span class=\"uvc-headings-line\" style=\"border-style:solid;border-bottom-width:4px;border-color:;width:50px;\"><\/span><\/div><\/div>[\/vc_column][\/vc_row][vc_row equal_height=&#8220;yes&#8220; type=&#8220;vc_default&#8220; css=&#8220;.vc_custom_1538475847207{padding-top: 0px !important;padding-bottom: 0px !important;}&#8220;][vc_column width=&#8220;1\/2&#8243; css=&#8220;.vc_custom_1493730770993{padding-bottom: 50px !important;}&#8220;]<div id=\"ultimate-heading-16816a06fbc973bfa\" class=\"uvc-heading ult-adjust-bottom-margin ultimate-heading-16816a06fbc973bfa uvc-6736 \" data-hspacer=\"no_spacer\"  data-halign=\"left\" style=\"text-align:left\"><div class=\"uvc-heading-spacer no_spacer\" style=\"top\"><\/div><div class=\"uvc-main-heading ult-responsive\"  data-ultimate-target='.uvc-heading.ultimate-heading-16816a06fbc973bfa h3'  data-responsive-json-new='{\"font-size\":\"desktop:18px;\",\"line-height\":\"desktop:28px;\"}' ><h3 style=\"font-weight:bold;color:#ffffff;margin-bottom:10px;\">WIR HELFEN BEI ST\u00d6RUNGEN UND AUSF\u00c4LLEN<\/h3><\/div><\/div>[vc_column_text css=&#8220;.vc_custom_1547646179896{padding-bottom: 10px !important;}&#8220;]<span style=\"color: #ffffff;\">Viele St\u00f6rungen oder Ausf\u00e4lle von Heizungsanlagen treten h\u00e4ufig nicht w\u00e4hrend der \u00fcblichen Arbeitszeiten auf. Bei Problemen oder Heizungsausf\u00e4llen ist unser Heizungs-Notdienst zu jeder Zeit f\u00fcr Sie da. Unseren Notdienst erreichen Sie unter <strong>04821 \/ 86962<\/strong>.<\/span>[\/vc_column_text][\/vc_column][vc_column width=&#8220;1\/2&#8243; css=&#8220;.vc_custom_1493730766899{padding-bottom: 50px !important;}&#8220;]<style type=\"text\/css\" data-type=\"the7_shortcodes-inline-css\">.shortcode-single-image-wrap.shortcode-single-image-01519d7b909561e36fcdfa5537c855b6.enable-bg-rollover .rollover i,\n.shortcode-single-image-wrap.shortcode-single-image-01519d7b909561e36fcdfa5537c855b6.enable-bg-rollover .rollover-video i {\n  background: -webkit-linear-gradient();\n  background: linear-gradient();\n}\n.shortcode-single-image-wrap.shortcode-single-image-01519d7b909561e36fcdfa5537c855b6 .rollover-icon {\n  font-size: 32px;\n  color: #ffffff;\n  min-width: 44px;\n  min-height: 44px;\n  line-height: 44px;\n  border-radius: 100px;\n  border-style: solid;\n  border-width: 0px;\n}\n.dt-icon-bg-on.shortcode-single-image-wrap.shortcode-single-image-01519d7b909561e36fcdfa5537c855b6 .rollover-icon {\n  background: rgba(255,255,255,0.3);\n  box-shadow: none;\n}\n<\/style><div class=\"shortcode-single-image-wrap shortcode-single-image-01519d7b909561e36fcdfa5537c855b6 alignnone  vc_custom_1547623640045 enable-bg-rollover dt-icon-bg-off\" ><div class=\"shortcode-single-image\"><div class=\"fancy-media-wrap  layzr-bg\" style=\"\"><img loading=\"lazy\" decoding=\"async\" class=\"preload-me lazy-load\" src=\"data:image\/svg+xml,%3Csvg%20xmlns%3D&#39;http%3A%2F%2Fwww.w3.org%2F2000%2Fsvg&#39;%20viewBox%3D&#39;0%200%20749%20500&#39;%2F%3E\" data-src=\"https:\/\/meisiek.com\/wp\/wp-content\/uploads\/2019\/01\/Meisiek_216282910_1000_667-749x500.jpg\" data-srcset=\"https:\/\/meisiek.com\/wp\/wp-content\/uploads\/2019\/01\/Meisiek_216282910_1000_667-749x500.jpg 749w, https:\/\/meisiek.com\/wp\/wp-content\/uploads\/2019\/01\/Meisiek_216282910_1000_667.jpg 999w\" width=\"749\" height=\"500\"  data-dt-location=\"https:\/\/meisiek.com\/wp\/plumber-repairing-sink-pipe-leakage-2\/\" style=\"\" alt=\"Kundendienst\" \/><\/div><\/div><\/div>[\/vc_column][\/vc_row][vc_row full_width=&#8220;stretch_row&#8220; css=&#8220;.vc_custom_1537244459289{margin: 0px !important;border-width: 0px !important;padding: 0px !important;}&#8220;][vc_column css=&#8220;.vc_custom_1537244440699{margin-top: 0px !important;margin-right: 0px !important;margin-bottom: 0px !important;margin-left: 0px !important;border-top-width: 0px !important;border-right-width: 0px !important;border-bottom-width: 0px !important;border-left-width: 0px !important;padding-top: 0px !important;padding-right: 0px !important;padding-bottom: 0px !important;padding-left: 0px !important;}&#8220;]<style type=\"text\/css\" data-type=\"the7_shortcodes-inline-css\">.shortcode-single-image-wrap.shortcode-single-image-b2f1b4878a9112d0d06dc19bb329163f.enable-bg-rollover .rollover i,\n.shortcode-single-image-wrap.shortcode-single-image-b2f1b4878a9112d0d06dc19bb329163f.enable-bg-rollover .rollover-video i {\n  background: -webkit-linear-gradient();\n  background: linear-gradient();\n}\n.shortcode-single-image-wrap.shortcode-single-image-b2f1b4878a9112d0d06dc19bb329163f .rollover-icon {\n  font-size: 32px;\n  color: #ffffff;\n  min-width: 44px;\n  min-height: 44px;\n  line-height: 44px;\n  border-radius: 100px;\n  border-style: solid;\n  border-width: 0px;\n}\n.dt-icon-bg-on.shortcode-single-image-wrap.shortcode-single-image-b2f1b4878a9112d0d06dc19bb329163f .rollover-icon {\n  background: rgba(255,255,255,0.3);\n  box-shadow: none;\n}\n<\/style><div class=\"shortcode-single-image-wrap shortcode-single-image-b2f1b4878a9112d0d06dc19bb329163f alignnone  vc_custom_1538475472665 enable-bg-rollover dt-icon-bg-off\" ><div class=\"shortcode-single-image\"><div class=\"fancy-media-wrap  layzr-bg\" style=\"\"><img loading=\"lazy\" decoding=\"async\" class=\"preload-me lazy-load\" src=\"data:image\/svg+xml,%3Csvg%20xmlns%3D&#39;http%3A%2F%2Fwww.w3.org%2F2000%2Fsvg&#39;%20viewBox%3D&#39;0%200%202000%20300&#39;%2F%3E\" data-src=\"https:\/\/meisiek.com\/wp\/wp-content\/uploads\/2018\/10\/08_Meisiek_prisma_top.png\" data-srcset=\"https:\/\/meisiek.com\/wp\/wp-content\/uploads\/2018\/10\/08_Meisiek_prisma_top.png 2000w\" width=\"2000\" height=\"300\"  data-dt-location=\"https:\/\/meisiek.com\/wp\/leistungen\/sanitaer\/grund-und-abwasserleitungen\/08_meisiek_prisma_top\/\" style=\"\" alt=\"\" \/><\/div><\/div><\/div>[\/vc_column][\/vc_row][vc_row full_width=&#8220;stretch_row&#8220; bg_type=&#8220;image&#8220; parallax_style=&#8220;vcpb-vz-jquery&#8220; bg_image_repeat=&#8220;no-repeat&#8220; bg_override=&#8220;ex-full&#8220; enable_overlay=&#8220;enable_overlay_value&#8220; overlay_color=&#8220;rgba(0,0,0,0.6)&#8220; type=&#8220;vc_default&#8220; css=&#8220;.vc_custom_1538475510525{padding-top: 0px !important;padding-bottom: 0px !important;background-color: #e77817 !important;}&#8220;][vc_column width=&#8220;2\/3&#8243;]<div id=\"ultimate-heading-79416a06fbc976da8\" class=\"uvc-heading ult-adjust-bottom-margin ultimate-heading-79416a06fbc976da8 uvc-5779 \" data-hspacer=\"no_spacer\"  data-halign=\"left\" style=\"text-align:left\"><div class=\"uvc-heading-spacer no_spacer\" style=\"top\"><\/div><div class=\"uvc-main-heading ult-responsive\"  data-ultimate-target='.uvc-heading.ultimate-heading-79416a06fbc976da8 h2'  data-responsive-json-new='{\"font-size\":\"desktop:32px;\",\"line-height\":\"desktop:42px;\"}' ><h2 style=\"font-weight:bold;color:#ffffff;margin-bottom:20px;\">WARTUNGSTERMIN VEREINBAREN?<\/h2><\/div><div class=\"uvc-sub-heading ult-responsive\"  data-ultimate-target='.uvc-heading.ultimate-heading-79416a06fbc976da8 .uvc-sub-heading '  data-responsive-json-new='{\"font-size\":\"desktop:18px;\",\"line-height\":\"desktop:30px;\"}'  style=\"font-weight:normal;color:#ffffff;margin-bottom:30px;\">Um das Risiko einer St\u00f6rung oder den Ausfall Ihrer Heizung zu minimieren, empfehlen wir eine regelm\u00e4\u00dfige Wartung Ihrer Heizungsanlage. Rufen Sie uns einfach an und vereinbaren Sie einen individuellen Wartungstermin f\u00fcr Ihre Heizung.<\/div><\/div><style type=\"text\/css\" data-type=\"the7_shortcodes-inline-css\">#default-btn-93f2dc2fce23316863ada3b817bf1a13.ico-right-side > i {\n  margin-right: 0px;\n  margin-left: 8px;\n}\n#default-btn-93f2dc2fce23316863ada3b817bf1a13 > i {\n  margin-right: 8px;\n}\n<\/style><div class=\"btn-align-left\"><a href=\"https:\/\/www.meisiek.com\/wp\/kontakt\/\" class=\"default-btn-shortcode dt-btn dt-btn-m link-hover-off \" id=\"default-btn-93f2dc2fce23316863ada3b817bf1a13\"><i class=\"fa fa-arrow-right fa-lg\"><\/i><span>Wartungstermin vereinbaren<\/span><\/a><\/div>[\/vc_column][vc_column width=&#8220;1\/3&#8243;]<style type=\"text\/css\" data-type=\"the7_shortcodes-inline-css\">.shortcode-single-image-wrap.shortcode-single-image-ccc36040133709a8a145a4324915ec6e.enable-bg-rollover .rollover i,\n.shortcode-single-image-wrap.shortcode-single-image-ccc36040133709a8a145a4324915ec6e.enable-bg-rollover .rollover-video i {\n  background: -webkit-linear-gradient();\n  background: linear-gradient();\n}\n.shortcode-single-image-wrap.shortcode-single-image-ccc36040133709a8a145a4324915ec6e .rollover-icon {\n  font-size: 32px;\n  color: #ffffff;\n  min-width: 44px;\n  min-height: 44px;\n  line-height: 44px;\n  border-radius: 100px;\n  border-style: solid;\n  border-width: 0px;\n}\n.dt-icon-bg-on.shortcode-single-image-wrap.shortcode-single-image-ccc36040133709a8a145a4324915ec6e .rollover-icon {\n  background: rgba(255,255,255,0.3);\n  box-shadow: none;\n}\n<\/style><div class=\"shortcode-single-image-wrap shortcode-single-image-ccc36040133709a8a145a4324915ec6e alignnone  vc_custom_1538475532150 enable-bg-rollover dt-icon-bg-off\" ><div class=\"shortcode-single-image\"><div class=\"fancy-media-wrap  layzr-bg\" style=\"\"><img loading=\"lazy\" decoding=\"async\" class=\"preload-me lazy-load\" src=\"data:image\/svg+xml,%3Csvg%20xmlns%3D&#39;http%3A%2F%2Fwww.w3.org%2F2000%2Fsvg&#39;%20viewBox%3D&#39;0%200%20200%20200&#39;%2F%3E\" data-src=\"https:\/\/meisiek.com\/wp\/wp-content\/uploads\/2018\/10\/08_Meisiek_sign-200x200.png\" data-srcset=\"https:\/\/meisiek.com\/wp\/wp-content\/uploads\/2018\/10\/08_Meisiek_sign-200x200.png 200w, https:\/\/meisiek.com\/wp\/wp-content\/uploads\/2018\/10\/08_Meisiek_sign-400x400.png 400w\" width=\"200\" height=\"200\"  data-dt-location=\"https:\/\/meisiek.com\/wp\/leistungen\/sanitaer\/grund-und-abwasserleitungen\/08_meisiek_sign\/\" style=\"\" alt=\"\" \/><\/div><\/div><\/div>[\/vc_column][\/vc_row][vc_row full_width=&#8220;stretch_row&#8220; css=&#8220;.vc_custom_1537244459289{margin: 0px !important;border-width: 0px !important;padding: 0px !important;}&#8220;][vc_column css=&#8220;.vc_custom_1537244440699{margin-top: 0px !important;margin-right: 0px !important;margin-bottom: 0px !important;margin-left: 0px !important;border-top-width: 0px !important;border-right-width: 0px !important;border-bottom-width: 0px !important;border-left-width: 0px !important;padding-top: 0px !important;padding-right: 0px !important;padding-bottom: 0px !important;padding-left: 0px !important;}&#8220;][vc_empty_space height=&#8220;2px&#8220; css=&#8220;.vc_custom_1537244416373{margin-top: 0px !important;margin-right: 0px !important;margin-bottom: 0px !important;margin-left: 0px !important;border-top-width: 0px !important;border-right-width: 0px !important;border-bottom-width: 0px !important;border-left-width: 0px !important;padding-top: 0px !important;padding-right: 0px !important;padding-bottom: 0px !important;padding-left: 0px !important;background-color: #e77817 !important;}&#8220;]<style type=\"text\/css\" data-type=\"the7_shortcodes-inline-css\">.shortcode-single-image-wrap.shortcode-single-image-b1501518b10d24db22b02658181c2e92.enable-bg-rollover .rollover i,\n.shortcode-single-image-wrap.shortcode-single-image-b1501518b10d24db22b02658181c2e92.enable-bg-rollover .rollover-video i {\n  background: -webkit-linear-gradient();\n  background: linear-gradient();\n}\n.shortcode-single-image-wrap.shortcode-single-image-b1501518b10d24db22b02658181c2e92 .rollover-icon {\n  font-size: 32px;\n  color: #ffffff;\n  min-width: 44px;\n  min-height: 44px;\n  line-height: 44px;\n  border-radius: 100px;\n  border-style: solid;\n  border-width: 0px;\n}\n.dt-icon-bg-on.shortcode-single-image-wrap.shortcode-single-image-b1501518b10d24db22b02658181c2e92 .rollover-icon {\n  background: rgba(255,255,255,0.3);\n  box-shadow: none;\n}\n<\/style><div class=\"shortcode-single-image-wrap shortcode-single-image-b1501518b10d24db22b02658181c2e92 alignnone  vc_custom_1538475253165 enable-bg-rollover dt-icon-bg-off\" ><div class=\"shortcode-single-image\"><div class=\"fancy-media-wrap  layzr-bg\" style=\"\"><img loading=\"lazy\" decoding=\"async\" class=\"preload-me lazy-load\" src=\"data:image\/svg+xml,%3Csvg%20xmlns%3D&#39;http%3A%2F%2Fwww.w3.org%2F2000%2Fsvg&#39;%20viewBox%3D&#39;0%200%202000%20300&#39;%2F%3E\" data-src=\"https:\/\/meisiek.com\/wp\/wp-content\/uploads\/2018\/10\/08_Meisiek_prisma_bottom.png\" data-srcset=\"https:\/\/meisiek.com\/wp\/wp-content\/uploads\/2018\/10\/08_Meisiek_prisma_bottom.png 2000w\" width=\"2000\" height=\"300\"  data-dt-location=\"https:\/\/meisiek.com\/wp\/leistungen\/sanitaer\/grund-und-abwasserleitungen\/08_meisiek_prisma_bottom\/\" style=\"\" alt=\"\" \/><\/div><\/div><\/div>[\/vc_column][\/vc_row]<\/p>\n<\/div>","protected":false},"excerpt":{"rendered":"<p>[vc_row full_width=&#8220;stretch_row&#8220; css=&#8220;.vc_custom_1537244459289{margin: 0px !important;border-width: 0px !important;padding: 0px !important;}&#8220;][vc_column css=&#8220;.vc_custom_1537244440699{margin-top: 0px !important;margin-right: 0px !important;margin-bottom: 0px !important;margin-left: 0px !important;border-top-width: 0px !important;border-right-width: 0px !important;border-bottom-width: 0px !important;border-left-width: 0px !important;padding-top: 0px !important;padding-right: 0px !important;padding-bottom: 0px !important;padding-left: 0px !important;}&#8220;][vc_empty_space height=&#8220;2px&#8220; css=&#8220;.vc_custom_1537244416373{margin-top: 0px !important;margin-right: 0px !important;margin-bottom: 0px !important;margin-left: 0px !important;border-top-width: 0px !important;border-right-width: 0px !important;border-bottom-width: 0px !important;border-left-width: 0px !important;padding-top: 0px !important;padding-right: 0px&hellip;<\/p>\n","protected":false},"author":1,"featured_media":0,"parent":976,"menu_order":90,"comment_status":"closed","ping_status":"closed","template":"","meta":{"footnotes":""},"class_list":["post-995","page","type-page","status-publish","hentry","description-off"],"_links":{"self":[{"href":"https:\/\/meisiek.com\/wp\/wp-json\/wp\/v2\/pages\/995","targetHints":{"allow":["GET"]}}],"collection":[{"href":"https:\/\/meisiek.com\/wp\/wp-json\/wp\/v2\/pages"}],"about":[{"href":"https:\/\/meisiek.com\/wp\/wp-json\/wp\/v2\/types\/page"}],"author":[{"embeddable":true,"href":"https:\/\/meisiek.com\/wp\/wp-json\/wp\/v2\/users\/1"}],"replies":[{"embeddable":true,"href":"https:\/\/meisiek.com\/wp\/wp-json\/wp\/v2\/comments?post=995"}],"version-history":[{"count":25,"href":"https:\/\/meisiek.com\/wp\/wp-json\/wp\/v2\/pages\/995\/revisions"}],"predecessor-version":[{"id":1451,"href":"https:\/\/meisiek.com\/wp\/wp-json\/wp\/v2\/pages\/995\/revisions\/1451"}],"up":[{"embeddable":true,"href":"https:\/\/meisiek.com\/wp\/wp-json\/wp\/v2\/pages\/976"}],"wp:attachment":[{"href":"https:\/\/meisiek.com\/wp\/wp-json\/wp\/v2\/media?parent=995"}],"curies":[{"name":"wp","href":"https:\/\/api.w.org\/{rel}","templated":true}]}}